{"id":160,"date":"2025-05-14T11:06:22","date_gmt":"2025-05-14T11:06:22","guid":{"rendered":"https:\/\/mariannatolkacheva.com\/?page_id=160"},"modified":"2025-10-20T13:40:50","modified_gmt":"2025-10-20T13:40:50","slug":"contacto","status":"publish","type":"page","link":"https:\/\/mariannatolkacheva.com\/es\/contacto\/","title":{"rendered":"Contacto"},"content":{"rendered":"<div data-elementor-type=\"wp-page\" data-elementor-id=\"160\" class=\"elementor elementor-160\">\n\t\t\t\t\t\t<section class=\"elementor-section elementor-top-section elementor-element elementor-element-160e1b33 elementor-section-full_width elementor-section-height-full elementor-section-items-stretch elementor-reverse-tablet elementor-reverse-mobile elementor-section-height-default\" data-id=\"160e1b33\" data-element_type=\"section\" data-settings=\"{&quot;background_background&quot;:&quot;classic&quot;}\">\n\t\t\t\t\t\t<div class=\"elementor-container elementor-column-gap-default\">\n\t\t\t\t\t<div class=\"elementor-column elementor-col-50 elementor-top-column elementor-element elementor-element-59b54b01\" data-id=\"59b54b01\" data-element_type=\"column\" data-settings=\"{&quot;background_background&quot;:&quot;classic&quot;}\">\n\t\t\t<div class=\"elementor-widget-wrap\">\n\t\t\t\t\t<div class=\"elementor-background-overlay\"><\/div>\n\t\t\t\t\t\t\t<\/div>\n\t\t<\/div>\n\t\t\t\t<div class=\"elementor-column elementor-col-50 elementor-top-column elementor-element elementor-element-18897779\" data-id=\"18897779\" data-element_type=\"column\" data-settings=\"{&quot;background_background&quot;:&quot;classic&quot;}\">\n\t\t\t<div class=\"elementor-widget-wrap elementor-element-populated\">\n\t\t\t\t\t<div class=\"elementor-background-overlay\"><\/div>\n\t\t\t\t\t\t<div class=\"elementor-element elementor-element-4791dfd2 elementor-invisible elementor-widget elementor-widget-heading\" data-id=\"4791dfd2\" data-element_type=\"widget\" data-settings=\"{&quot;_animation&quot;:&quot;fadeInUp&quot;}\" data-widget_type=\"heading.default\">\n\t\t\t\t<div class=\"elementor-widget-container\">\n\t\t\t\t\t<h1 class=\"elementor-heading-title elementor-size-xl\">Contacto <\/h1>\t\t\t\t<\/div>\n\t\t\t\t<\/div>\n\t\t\t\t<div class=\"elementor-element elementor-element-57d30f31 elementor-invisible elementor-widget elementor-widget-text-editor\" data-id=\"57d30f31\" data-element_type=\"widget\" data-settings=\"{&quot;_animation&quot;:&quot;fadeInUp&quot;,&quot;_animation_delay&quot;:400}\" data-widget_type=\"text-editor.default\">\n\t\t\t\t<div class=\"elementor-widget-container\">\n\t\t\t\t\t\t\t\t\t<p><span class=\"NormalTextRun SCXW26703435 BCX0\">Si tienes alguna duda o necesitas m\u00e1s informaci\u00f3n, no dudes en ponerte en contacto conmigo. Bot\u00f3n que va directamente a mi WhatsApp <\/span><span class=\"NormalTextRun SCXW26703435 BCX0\">\u0432\u0430\u043c \u043d\u0443\u0436\u043d\u0430 \u0434\u043e\u043f\u043e\u043b\u043d\u0438\u0442\u0435\u043b\u044c\u043d\u0430\u044f \u0438\u043d\u0444\u043e\u0440\u043c\u0430\u0446\u0438\u044f<\/span><span class=\"NormalTextRun SCXW26703435 BCX0\">,<\/span><span class=\"NormalTextRun SCXW26703435 BCX0\"> \u0432\u044b \u043c\u043e\u0436\u0435\u0442\u0435 \u0441\u0432\u044f\u0437\u0430\u0442\u044c\u0441\u044f \u0441\u043e \u043c\u043d\u043e\u0439.<br \/><\/span><\/p><p><span data-contrast=\"auto\">+34610359716<\/span><span data-ccp-props=\"{&quot;335551550&quot;:6,&quot;335551620&quot;:6}\">\u00a0<\/span><\/p><p><span data-contrast=\"auto\">+79857683741<\/span><span data-ccp-props=\"{&quot;335551550&quot;:6,&quot;335551620&quot;:6}\">\u00a0<\/span><\/p><p><span data-contrast=\"auto\">marianna<\/span><span data-contrast=\"auto\">.<\/span><span data-contrast=\"auto\">tolkacheva<\/span><span data-contrast=\"auto\">@<\/span><span data-contrast=\"auto\">gmail<\/span><span data-contrast=\"auto\">.<\/span><span data-contrast=\"auto\">com<\/span><span data-ccp-props=\"{&quot;335551550&quot;:6,&quot;335551620&quot;:6}\">\u00a0<\/span><\/p>\t\t\t\t\t\t\t\t<\/div>\n\t\t\t\t<\/div>\n\t\t\t\t<div class=\"elementor-element elementor-element-5a2c4c64 elementor-widget-divider--view-line elementor-widget elementor-widget-divider\" data-id=\"5a2c4c64\" data-element_type=\"widget\" data-widget_type=\"divider.default\">\n\t\t\t\t<div class=\"elementor-widget-container\">\n\t\t\t\t\t\t\t<div class=\"elementor-divider\">\n\t\t\t<span class=\"elementor-divider-separator\">\n\t\t\t\t\t\t<\/span>\n\t\t<\/div>\n\t\t\t\t\t\t<\/div>\n\t\t\t\t<\/div>\n\t\t\t\t<div class=\"elementor-element elementor-element-53973d5 elementor-widget elementor-widget-wp-widget-forminator_widget\" data-id=\"53973d5\" data-element_type=\"widget\" data-widget_type=\"wp-widget-forminator_widget.default\">\n\t\t\t\t<div class=\"elementor-widget-container\">\n\t\t\t\t\t<div class=\"forminator-ui forminator-custom-form forminator-custom-form-402 forminator-design--default  forminator_ajax\" data-forminator-render=\"0\" data-form=\"forminator-module-402\" data-uid=\"69e04a41c43b5\"><br\/><\/div><form\n\t\t\t\tid=\"forminator-module-402\"\n\t\t\t\tclass=\"forminator-ui forminator-custom-form forminator-custom-form-402 forminator-design--default  forminator_ajax\"\n\t\t\t\tmethod=\"post\"\n\t\t\t\tdata-forminator-render=\"0\"\n\t\t\t\tdata-form-id=\"402\"\n\t\t\t\t\n\t\t\t\tdata-design=\"default\"\n\t\t\t\t\n\t\t\t\t\n\t\t\t\t\n\t\t\t\tdata-grid=\"open\"\n\t\t\t\t\n\t\t\t\t\n\t\t\t\tstyle=\"display: none;\"\n\t\t\t\t\n\t\t\t\tdata-uid=\"69e04a41c43b5\" action=\"\"\n\t\t\t><div role=\"alert\" aria-live=\"polite\" class=\"forminator-response-message forminator-error\" aria-hidden=\"true\"><\/div><div class=\"forminator-row\"><div id=\"name-1\" class=\"forminator-field-name forminator-col forminator-col-12\"><div class=\"forminator-field\"><label for=\"forminator-field-name-1_69e04a41c43b5\" id=\"forminator-field-name-1_69e04a41c43b5-label\" class=\"forminator-label\">Nombre <span class=\"forminator-required\">*<\/span><\/label><input type=\"text\" name=\"name-1\" value=\"\" placeholder=\"Ejemplo: Juan\" id=\"forminator-field-name-1_69e04a41c43b5\" class=\"forminator-input forminator-name--field\" aria-required=\"true\" \/><\/div><\/div><\/div><div class=\"forminator-row\"><div id=\"email-1\" class=\"forminator-field-email forminator-col forminator-col-12\"><div class=\"forminator-field\"><label for=\"forminator-field-email-1_69e04a41c43b5\" id=\"forminator-field-email-1_69e04a41c43b5-label\" class=\"forminator-label\">Direcci\u00f3n de correo electr\u00f3nico <span class=\"forminator-required\">*<\/span><\/label><input type=\"email\" name=\"email-1\" value=\"\" placeholder=\"Ej . : john@doe.com\" id=\"forminator-field-email-1_69e04a41c43b5\" class=\"forminator-input forminator-email--field\" data-required=\"true\" aria-required=\"true\" \/><\/div><\/div><\/div><div class=\"forminator-row\"><div id=\"phone-1\" class=\"forminator-field-phone forminator-col forminator-col-12\"><div class=\"forminator-field\"><label for=\"forminator-field-phone-1_69e04a41c43b5\" id=\"forminator-field-phone-1_69e04a41c43b5-label\" class=\"forminator-label\">N\u00famero de tel\u00e9fono<\/label><input type=\"text\" name=\"phone-1\" value=\"\" placeholder=\"Ejemplo: +1 3004005000\" id=\"forminator-field-phone-1_69e04a41c43b5\" class=\"forminator-input forminator-field--phone\" data-required=\"\" aria-required=\"false\" autocomplete=\"off\" \/><\/div><\/div><\/div><div class=\"forminator-row\"><div id=\"textarea-1\" class=\"forminator-field-textarea forminator-col forminator-col-12\"><div class=\"forminator-field\"><label for=\"forminator-field-textarea-1_69e04a41c43b5\" id=\"forminator-field-textarea-1_69e04a41c43b5-label\" class=\"forminator-label\">Mensaje<\/label><span id=\"forminator-field-textarea-1_69e04a41c43b5-description\" class=\"forminator-description\"><span data-limit=\"180\" data-type=\"characters\" data-editor=\"\">0 \/ 180<\/span><\/span><textarea name=\"textarea-1\" placeholder=\"Introduce tu mensaje...\" id=\"forminator-field-textarea-1_69e04a41c43b5\" class=\"forminator-textarea\" rows=\"6\" style=\"min-height:140px;\" maxlength=\"180\" ><\/textarea><\/div><\/div><\/div><div class=\"forminator-row\"><div id=\"checkbox-1\" class=\"forminator-field-checkbox forminator-col forminator-col-12\"><div role=\"group\" class=\"forminator-field required\" aria-labelledby=\"forminator-checkbox-group-forminator-field-checkbox-1-69e04a41c43b5-label\"><span id=\"forminator-checkbox-group-forminator-field-checkbox-1-69e04a41c43b5-label\" class=\"forminator-label\">Casilla de verificaci\u00f3n <span class=\"forminator-required\">*<\/span><\/span><label id=\"forminator-field-checkbox-1-1-69e04a41c43b5-label\" for=\"forminator-field-checkbox-1-1-69e04a41c43b5\" class=\"forminator-checkbox\" title=\"He le&iacute;do y acepto el &lt;a href=&quot;\/es\/aviso-legal\/&quot; target=&quot;_blank&quot;&gt;aviso legal&lt;\/a&gt; y la &lt;a href=&quot;\/es\/politica-de-privacidad\/&quot; target=&quot;_blank&quot;&gt;pol&iacute;tica de privacidad&lt;\/a&gt;\"><input type=\"checkbox\" name=\"checkbox-1[]\" value=\"one\" id=\"forminator-field-checkbox-1-1-69e04a41c43b5\" aria-labelledby=\"forminator-field-checkbox-1-1-69e04a41c43b5-label\" data-calculation=\"0\"   data-hidden-behavior=\"zero\"\/><span class=\"forminator-checkbox-box\" aria-hidden=\"true\"><\/span><span class=\"forminator-checkbox-label\">He le\u00eddo y acepto el <a href=\"\/es\/aviso-legal\/\" target=\"_blank\">aviso legal<\/a> y la <a href=\"\/es\/politica-de-privacidad\/\" target=\"_blank\">pol\u00edtica de privacidad<\/a><\/span><\/label><\/div><\/div><\/div><input type=\"hidden\" name=\"referer_url\" value=\"\" \/><div class=\"forminator-row forminator-row-last\"><div class=\"forminator-col\"><div class=\"forminator-field\"><button class=\"forminator-button forminator-button-submit\">Enviar mensaje<\/button><\/div><\/div><\/div><input type=\"hidden\" id=\"forminator_nonce\" name=\"forminator_nonce\" value=\"8e906517a6\" \/><input type=\"hidden\" name=\"_wp_http_referer\" value=\"\/es\/wp-json\/wp\/v2\/pages\/160\" \/><input type=\"hidden\" name=\"form_id\" value=\"402\"><input type=\"hidden\" name=\"page_id\" value=\"160\"><input type=\"hidden\" name=\"form_type\" value=\"default\"><input type=\"hidden\" name=\"current_url\" value=\"https:\/\/mariannatolkacheva.com\/es\/contacto\/\"><input type=\"hidden\" name=\"render_id\" value=\"0\"><input type=\"hidden\" name=\"action\" value=\"forminator_submit_form_custom-forms\"><input type=\"hidden\" name=\"trp-form-language\" value=\"es\"\/><\/form>\t\t\t\t<\/div>\n\t\t\t\t<\/div>\n\t\t\t\t\t<\/div>\n\t\t<\/div>\n\t\t\t\t\t<\/div>\n\t\t<\/section>\n\t\t\t\t<\/div>","protected":false},"excerpt":{"rendered":"<p>\u041a\u043e\u043d\u0442\u0430\u043a\u0442\u044b \u0415\u0441\u043b\u0438 \u0443 \u0432\u0430\u0441 \u043e\u0441\u0442\u0430\u043b\u0438\u0441\u044c \u0432\u043e\u043f\u0440\u043e\u0441\u044b \u0438\u043b\u0438 \u0432\u0430\u043c \u043d\u0443\u0436\u043d\u0430 \u0434\u043e\u043f\u043e\u043b\u043d\u0438\u0442\u0435\u043b\u044c\u043d\u0430\u044f \u0438\u043d\u0444\u043e\u0440\u043c\u0430\u0446\u0438\u044f, \u0432\u044b \u043c\u043e\u0436\u0435\u0442\u0435 \u0441\u0432\u044f\u0437\u0430\u0442\u044c\u0441\u044f \u0441\u043e \u043c\u043d\u043e\u0439. +34610359716\u00a0 +79857683741\u00a0 marianna.tolkacheva@gmail.com\u00a0<\/p>","protected":false},"author":1,"featured_media":0,"parent":0,"menu_order":0,"comment_status":"closed","ping_status":"closed","template":"","meta":{"site-sidebar-layout":"no-sidebar","site-content-layout":"","ast-site-content-layout":"full-width-container","site-content-style":"default","site-sidebar-style":"default","ast-global-header-display":"","ast-banner-title-visibility":"","ast-main-header-display":"","ast-hfb-above-header-display":"","ast-hfb-below-header-display":"","ast-hfb-mobile-header-display":"","site-post-title":"disabled","ast-breadcrumbs-content":"","ast-featured-img":"disabled","footer-sml-layout":"","theme-transparent-header-meta":"","adv-header-id-meta":"","stick-header-meta":"","header-above-stick-meta":"","header-main-stick-meta":"","header-below-stick-meta":"","astra-migrate-meta-layouts":"default","ast-page-background-enabled":"default","ast-page-background-meta":{"desktop":{"background-color":"var(--ast-global-color-5)","background-image":"","background-repeat":"repeat","background-position":"center center","background-size":"auto","background-attachment":"scroll","background-type":"","background-media":"","overlay-type":"","overlay-color":"","overlay-opacity":"","overlay-gradient":""},"tablet":{"background-color":"","background-image":"","background-repeat":"repeat","background-position":"center center","background-size":"auto","background-attachment":"scroll","background-type":"","background-media":"","overlay-type":"","overlay-color":"","overlay-opacity":"","overlay-gradient":""},"mobile":{"background-color":"","background-image":"","background-repeat":"repeat","background-position":"center center","background-size":"auto","background-attachment":"scroll","background-type":"","background-media":"","overlay-type":"","overlay-color":"","overlay-opacity":"","overlay-gradient":""}},"ast-content-background-meta":{"desktop":{"background-color":"var(--ast-global-color-4)","background-image":"","background-repeat":"repeat","background-position":"center center","background-size":"auto","background-attachment":"scroll","background-type":"","background-media":"","overlay-type":"","overlay-color":"","overlay-opacity":"","overlay-gradient":""},"tablet":{"background-color":"var(--ast-global-color-4)","background-image":"","background-repeat":"repeat","background-position":"center center","background-size":"auto","background-attachment":"scroll","background-type":"","background-media":"","overlay-type":"","overlay-color":"","overlay-opacity":"","overlay-gradient":""},"mobile":{"background-color":"var(--ast-global-color-4)","background-image":"","background-repeat":"repeat","background-position":"center center","background-size":"auto","background-attachment":"scroll","background-type":"","background-media":"","overlay-type":"","overlay-color":"","overlay-opacity":"","overlay-gradient":""}},"footnotes":""},"class_list":["post-160","page","type-page","status-publish","hentry"],"yoast_head":"<!-- This site is optimized with the Yoast SEO plugin v25.2 - https:\/\/yoast.com\/wordpress\/plugins\/seo\/ -->\n<title>\u041a\u043e\u043d\u0442\u0430\u043a\u0442\u044b - mariannatolkacheva<\/title>\n<meta name=\"description\" content=\"Ponte en contacto para agendar tu consulta o para mas informaci\u00f3n. Estoy aqu\u00ed para escucharte y ayudarte a empezar tu proceso de cambio.\" \/>\n<meta name=\"robots\" content=\"index, follow, max-snippet:-1, max-image-preview:large, max-video-preview:-1\" \/>\n<link rel=\"canonical\" href=\"https:\/\/mariannatolkacheva.com\/es\/contacto\/\" \/>\n<meta property=\"og:locale\" content=\"es_ES\" \/>\n<meta property=\"og:type\" content=\"article\" \/>\n<meta property=\"og:title\" content=\"\u041a\u043e\u043d\u0442\u0430\u043a\u0442\u044b - mariannatolkacheva\" \/>\n<meta property=\"og:description\" content=\"Ponte en contacto para agendar tu consulta o para mas informaci\u00f3n. Estoy aqu\u00ed para escucharte y ayudarte a empezar tu proceso de cambio.\" \/>\n<meta property=\"og:url\" content=\"https:\/\/mariannatolkacheva.com\/es\/contacto\/\" \/>\n<meta property=\"og:site_name\" content=\"mariannatolkacheva\" \/>\n<meta property=\"article:modified_time\" content=\"2025-10-20T13:40:50+00:00\" \/>\n<meta property=\"og:image\" content=\"https:\/\/mariannatolkacheva.com\/wp-content\/uploads\/2025\/05\/Main_banner-e1760701807209.jpg\" \/>\n\t<meta property=\"og:image:width\" content=\"1440\" \/>\n\t<meta property=\"og:image:height\" content=\"430\" \/>\n\t<meta property=\"og:image:type\" content=\"image\/jpeg\" \/>\n<meta name=\"twitter:card\" content=\"summary_large_image\" \/>\n<meta name=\"twitter:label1\" content=\"Tiempo de lectura\" \/>\n\t<meta name=\"twitter:data1\" content=\"1 minuto\" \/>\n<script type=\"application\/ld+json\" class=\"yoast-schema-graph\">{\"@context\":\"https:\/\/schema.org\",\"@graph\":[{\"@type\":\"WebPage\",\"@id\":\"https:\/\/mariannatolkacheva.com\/contacto\/\",\"url\":\"https:\/\/mariannatolkacheva.com\/contacto\/\",\"name\":\"\u041a\u043e\u043d\u0442\u0430\u043a\u0442\u044b - mariannatolkacheva\",\"isPartOf\":{\"@id\":\"https:\/\/mariannatolkacheva.com\/#website\"},\"datePublished\":\"2025-05-14T11:06:22+00:00\",\"dateModified\":\"2025-10-20T13:40:50+00:00\",\"description\":\"Ponte en contacto para agendar tu consulta o para mas informaci\u00f3n. Estoy aqu\u00ed para escucharte y ayudarte a empezar tu proceso de cambio.\",\"breadcrumb\":{\"@id\":\"https:\/\/mariannatolkacheva.com\/contacto\/#breadcrumb\"},\"inLanguage\":\"es\",\"potentialAction\":[{\"@type\":\"ReadAction\",\"target\":[\"https:\/\/mariannatolkacheva.com\/contacto\/\"]}]},{\"@type\":\"BreadcrumbList\",\"@id\":\"https:\/\/mariannatolkacheva.com\/contacto\/#breadcrumb\",\"itemListElement\":[{\"@type\":\"ListItem\",\"position\":1,\"name\":\"Portada\",\"item\":\"https:\/\/mariannatolkacheva.com\/\"},{\"@type\":\"ListItem\",\"position\":2,\"name\":\"\u041a\u043e\u043d\u0442\u0430\u043a\u0442\u044b\"}]},{\"@type\":\"WebSite\",\"@id\":\"https:\/\/mariannatolkacheva.com\/#website\",\"url\":\"https:\/\/mariannatolkacheva.com\/\",\"name\":\"mariannatolkacheva\",\"description\":\"\",\"publisher\":{\"@id\":\"https:\/\/mariannatolkacheva.com\/#organization\"},\"potentialAction\":[{\"@type\":\"SearchAction\",\"target\":{\"@type\":\"EntryPoint\",\"urlTemplate\":\"https:\/\/mariannatolkacheva.com\/?s={search_term_string}\"},\"query-input\":{\"@type\":\"PropertyValueSpecification\",\"valueRequired\":true,\"valueName\":\"search_term_string\"}}],\"inLanguage\":\"es\"},{\"@type\":\"Organization\",\"@id\":\"https:\/\/mariannatolkacheva.com\/#organization\",\"name\":\"Marianna Tolkacheva\",\"url\":\"https:\/\/mariannatolkacheva.com\/\",\"logo\":{\"@type\":\"ImageObject\",\"inLanguage\":\"es\",\"@id\":\"https:\/\/mariannatolkacheva.com\/#\/schema\/logo\/image\/\",\"url\":\"https:\/\/mariannatolkacheva.com\/wp-content\/uploads\/2025\/05\/712e9a31c00df1be6145beebc5b7535547c75943-2.png\",\"contentUrl\":\"https:\/\/mariannatolkacheva.com\/wp-content\/uploads\/2025\/05\/712e9a31c00df1be6145beebc5b7535547c75943-2.png\",\"width\":88,\"height\":100,\"caption\":\"Marianna Tolkacheva\"},\"image\":{\"@id\":\"https:\/\/mariannatolkacheva.com\/#\/schema\/logo\/image\/\"},\"sameAs\":[\"https:\/\/web.telegram.org\/a\/#547199565\",\"https:\/\/www.instagram.com\/tolkacheva.marianna\/\"]}]}<\/script>\n<!-- \/ Yoast SEO plugin. -->","yoast_head_json":{"title":"\u041a\u043e\u043d\u0442\u0430\u043a\u0442\u044b - mariannatolkacheva","description":"Ponte en contacto para agendar tu consulta o para mas informaci\u00f3n. Estoy aqu\u00ed para escucharte y ayudarte a empezar tu proceso de cambio.","robots":{"index":"index","follow":"follow","max-snippet":"max-snippet:-1","max-image-preview":"max-image-preview:large","max-video-preview":"max-video-preview:-1"},"canonical":"https:\/\/mariannatolkacheva.com\/es\/contacto\/","og_locale":"es_ES","og_type":"article","og_title":"\u041a\u043e\u043d\u0442\u0430\u043a\u0442\u044b - mariannatolkacheva","og_description":"Ponte en contacto para agendar tu consulta o para mas informaci\u00f3n. Estoy aqu\u00ed para escucharte y ayudarte a empezar tu proceso de cambio.","og_url":"https:\/\/mariannatolkacheva.com\/es\/contacto\/","og_site_name":"mariannatolkacheva","article_modified_time":"2025-10-20T13:40:50+00:00","og_image":[{"width":1440,"height":430,"url":"https:\/\/mariannatolkacheva.com\/wp-content\/uploads\/2025\/05\/Main_banner-e1760701807209.jpg","type":"image\/jpeg"}],"twitter_card":"summary_large_image","twitter_misc":{"Tiempo de lectura":"1 minuto"},"schema":{"@context":"https:\/\/schema.org","@graph":[{"@type":"WebPage","@id":"https:\/\/mariannatolkacheva.com\/contacto\/","url":"https:\/\/mariannatolkacheva.com\/contacto\/","name":"\u041a\u043e\u043d\u0442\u0430\u043a\u0442\u044b - mariannatolkacheva","isPartOf":{"@id":"https:\/\/mariannatolkacheva.com\/#website"},"datePublished":"2025-05-14T11:06:22+00:00","dateModified":"2025-10-20T13:40:50+00:00","description":"Ponte en contacto para agendar tu consulta o para mas informaci\u00f3n. Estoy aqu\u00ed para escucharte y ayudarte a empezar tu proceso de cambio.","breadcrumb":{"@id":"https:\/\/mariannatolkacheva.com\/contacto\/#breadcrumb"},"inLanguage":"es","potentialAction":[{"@type":"ReadAction","target":["https:\/\/mariannatolkacheva.com\/contacto\/"]}]},{"@type":"BreadcrumbList","@id":"https:\/\/mariannatolkacheva.com\/contacto\/#breadcrumb","itemListElement":[{"@type":"ListItem","position":1,"name":"Portada","item":"https:\/\/mariannatolkacheva.com\/"},{"@type":"ListItem","position":2,"name":"\u041a\u043e\u043d\u0442\u0430\u043a\u0442\u044b"}]},{"@type":"WebSite","@id":"https:\/\/mariannatolkacheva.com\/#website","url":"https:\/\/mariannatolkacheva.com\/","name":"mariannatolkacheva","description":"","publisher":{"@id":"https:\/\/mariannatolkacheva.com\/#organization"},"potentialAction":[{"@type":"SearchAction","target":{"@type":"EntryPoint","urlTemplate":"https:\/\/mariannatolkacheva.com\/?s={search_term_string}"},"query-input":{"@type":"PropertyValueSpecification","valueRequired":true,"valueName":"search_term_string"}}],"inLanguage":"es"},{"@type":"Organization","@id":"https:\/\/mariannatolkacheva.com\/#organization","name":"Marianna Tolkacheva","url":"https:\/\/mariannatolkacheva.com\/","logo":{"@type":"ImageObject","inLanguage":"es","@id":"https:\/\/mariannatolkacheva.com\/#\/schema\/logo\/image\/","url":"https:\/\/mariannatolkacheva.com\/wp-content\/uploads\/2025\/05\/712e9a31c00df1be6145beebc5b7535547c75943-2.png","contentUrl":"https:\/\/mariannatolkacheva.com\/wp-content\/uploads\/2025\/05\/712e9a31c00df1be6145beebc5b7535547c75943-2.png","width":88,"height":100,"caption":"Marianna Tolkacheva"},"image":{"@id":"https:\/\/mariannatolkacheva.com\/#\/schema\/logo\/image\/"},"sameAs":["https:\/\/web.telegram.org\/a\/#547199565","https:\/\/www.instagram.com\/tolkacheva.marianna\/"]}]}},"_links":{"self":[{"href":"https:\/\/mariannatolkacheva.com\/es\/wp-json\/wp\/v2\/pages\/160","targetHints":{"allow":["GET"]}}],"collection":[{"href":"https:\/\/mariannatolkacheva.com\/es\/wp-json\/wp\/v2\/pages"}],"about":[{"href":"https:\/\/mariannatolkacheva.com\/es\/wp-json\/wp\/v2\/types\/page"}],"author":[{"embeddable":true,"href":"https:\/\/mariannatolkacheva.com\/es\/wp-json\/wp\/v2\/users\/1"}],"replies":[{"embeddable":true,"href":"https:\/\/mariannatolkacheva.com\/es\/wp-json\/wp\/v2\/comments?post=160"}],"version-history":[{"count":19,"href":"https:\/\/mariannatolkacheva.com\/es\/wp-json\/wp\/v2\/pages\/160\/revisions"}],"predecessor-version":[{"id":741,"href":"https:\/\/mariannatolkacheva.com\/es\/wp-json\/wp\/v2\/pages\/160\/revisions\/741"}],"wp:attachment":[{"href":"https:\/\/mariannatolkacheva.com\/es\/wp-json\/wp\/v2\/media?parent=160"}],"curies":[{"name":"wp","href":"https:\/\/api.w.org\/{rel}","templated":true}]}}