{"id":156,"date":"2025-05-14T11:06:22","date_gmt":"2025-05-14T11:06:22","guid":{"rendered":"https:\/\/mariannatolkacheva.com\/?page_id=156"},"modified":"2025-10-20T13:48:31","modified_gmt":"2025-10-20T13:48:31","slug":"terapia-de-grupo-para-psicologos","status":"publish","type":"page","link":"https:\/\/mariannatolkacheva.com\/es\/terapia-de-grupo-para-psicologos\/","title":{"rendered":"Terapia de grupo para psic\u00f3logos"},"content":{"rendered":"<div data-elementor-type=\"wp-page\" data-elementor-id=\"156\" class=\"elementor elementor-156\">\n\t\t\t\t<div class=\"elementor-element elementor-element-214c6a20 e-flex e-con-boxed e-con e-parent\" data-id=\"214c6a20\" data-element_type=\"container\" data-settings=\"{&quot;background_background&quot;:&quot;classic&quot;}\">\n\t\t\t\t\t<div class=\"e-con-inner\">\n\t\t\t\t<div class=\"elementor-element elementor-element-42576ed0 elementor-widget__width-initial elementor-absolute elementor-widget elementor-widget-heading\" data-id=\"42576ed0\" data-element_type=\"widget\" data-settings=\"{&quot;_position&quot;:&quot;absolute&quot;}\" data-widget_type=\"heading.default\">\n\t\t\t\t<div class=\"elementor-widget-container\">\n\t\t\t\t\t<h2 class=\"elementor-heading-title elementor-size-default\">Terapia de grupo para psic\u00f3logos<\/h2>\t\t\t\t<\/div>\n\t\t\t\t<\/div>\n\t\t\t\t\t<\/div>\n\t\t\t\t<\/div>\n\t\t<div class=\"elementor-element elementor-element-2220cf60 e-flex e-con-boxed e-con e-parent\" data-id=\"2220cf60\" data-element_type=\"container\">\n\t\t\t\t\t<div class=\"e-con-inner\">\n\t\t<div class=\"elementor-element elementor-element-4d5e7f55 e-con-full e-flex e-con e-child\" data-id=\"4d5e7f55\" data-element_type=\"container\">\n\t\t\t\t<div class=\"elementor-element elementor-element-1c5695c4 elementor-widget elementor-widget-text-editor\" data-id=\"1c5695c4\" data-element_type=\"widget\" data-widget_type=\"text-editor.default\">\n\t\t\t\t<div class=\"elementor-widget-container\">\n\t\t\t\t\t\t\t\t\t<p><span class=\"LineBreakBlob BlobObject DragDrop SCXW128320064 BCX0\">Te invito a participar en una terapia de grupo para psic\u00f3logos, donde podr\u00e1s compartir tus vivencias con quienes mejor te entienden: tus colegas. Juntos exploraremos preguntas dif\u00edciles, recuperaremos recursos internos y redescubriremos el sentido de nuestra labor como psic\u00f3logos. Este espacio est\u00e1 pensado tanto para psic\u00f3logos que est\u00e1n comenzando su camino, como para profesionales con experiencia. <\/span><\/p>\t\t\t\t\t\t\t\t<\/div>\n\t\t\t\t<\/div>\n\t\t\t\t<\/div>\n\t\t<div class=\"elementor-element elementor-element-887e2f6 e-con-full e-flex e-con e-child\" data-id=\"887e2f6\" data-element_type=\"container\">\n\t\t\t\t<\/div>\n\t\t<div class=\"elementor-element elementor-element-1ad3dbd0 e-con-full e-flex e-con e-child\" data-id=\"1ad3dbd0\" data-element_type=\"container\" data-settings=\"{&quot;background_background&quot;:&quot;classic&quot;}\">\n\t\t\t\t<div class=\"elementor-element elementor-element-67d7e95e elementor-widget elementor-widget-image\" data-id=\"67d7e95e\" data-element_type=\"widget\" data-widget_type=\"image.default\">\n\t\t\t\t<div class=\"elementor-widget-container\">\n\t\t\t\t\t\t\t\t\t\t\t\t\t\t\t<img fetchpriority=\"high\" decoding=\"async\" width=\"302\" height=\"390\" src=\"https:\/\/mariannatolkacheva.com\/wp-content\/uploads\/2025\/05\/Pic_4.png\" class=\"attachment-large size-large wp-image-53\" alt=\"\" srcset=\"https:\/\/mariannatolkacheva.com\/wp-content\/uploads\/2025\/05\/Pic_4.png 302w, https:\/\/mariannatolkacheva.com\/wp-content\/uploads\/2025\/05\/Pic_4-232x300.png 232w\" sizes=\"(max-width: 302px) 100vw, 302px\" \/>\t\t\t\t\t\t\t\t\t\t\t\t\t\t\t<\/div>\n\t\t\t\t<\/div>\n\t\t\t\t<\/div>\n\t\t<div class=\"elementor-element elementor-element-506599a8 e-con-full e-flex e-con e-child\" data-id=\"506599a8\" data-element_type=\"container\">\n\t\t\t\t<div class=\"elementor-element elementor-element-48e4f038 elementor-widget__width-initial elementor-widget elementor-widget-text-editor\" data-id=\"48e4f038\" data-element_type=\"widget\" data-widget_type=\"text-editor.default\">\n\t\t\t\t<div class=\"elementor-widget-container\">\n\t\t\t\t\t\t\t\t\t<p><span class=\"TextRun SCXW155410969 BCX0\" lang=\"RU-RU\" xml:lang=\"RU-RU\" data-contrast=\"auto\"><span class=\"NormalTextRun SCXW155410969 BCX0\">La din\u00e1mica grupal favorece la creaci\u00f3n de v\u00ednculos profesionales, brinda apoyo e inspiraci\u00f3n, y permite profundizar en el autoconocimiento y en la forma en que nos posicionamos en el trabajo con los dem\u00e1s.<\/span><\/span><span class=\"EOP SCXW155410969 BCX0\" data-ccp-props=\"{&quot;335551550&quot;:6,&quot;335551620&quot;:6}\">\u00a0<\/span><\/p>\t\t\t\t\t\t\t\t<\/div>\n\t\t\t\t<\/div>\n\t\t\t\t<\/div>\n\t\t\t\t<div class=\"elementor-element elementor-element-3247434 elementor-align-center elementor-widget elementor-widget-button\" data-id=\"3247434\" data-element_type=\"widget\" data-widget_type=\"button.default\">\n\t\t\t\t<div class=\"elementor-widget-container\">\n\t\t\t\t\t\t\t\t\t<div class=\"elementor-button-wrapper\">\n\t\t\t\t\t<a class=\"elementor-button elementor-button-link elementor-size-sm\" href=\"https:\/\/api.whatsapp.com\/send\/?phone=610359716&#038;text&#038;type=phone_number&#038;app_absent=0\">\n\t\t\t\t\t\t<span class=\"elementor-button-content-wrapper\">\n\t\t\t\t\t\t\t\t\t<span class=\"elementor-button-text\">Pide tu cita<\/span>\n\t\t\t\t\t<\/span>\n\t\t\t\t\t<\/a>\n\t\t\t\t<\/div>\n\t\t\t\t\t\t\t\t<\/div>\n\t\t\t\t<\/div>\n\t\t\t\t\t<\/div>\n\t\t\t\t<\/div>\n\t\t<div class=\"elementor-element elementor-element-1fc18767 e-flex e-con-boxed e-con e-parent\" data-id=\"1fc18767\" data-element_type=\"container\" data-settings=\"{&quot;background_background&quot;:&quot;classic&quot;}\">\n\t\t\t\t\t<div class=\"e-con-inner\">\n\t\t\t\t\t<\/div>\n\t\t\t\t<\/div>\n\t\t\t\t<\/div>","protected":false},"excerpt":{"rendered":"<p>\u0413\u0440\u0443\u043f\u043f\u043e\u0432\u0430\u044f \u0442\u0435\u0440\u0430\u043f\u0438\u044f \u0434\u043b\u044f \u043f\u0441\u0438\u0445\u043e\u043b\u043e\u0433\u043e\u0432 \u041c\u044b \u0441 \u043c\u043e\u0435\u0439 \u043a\u043e\u043b\u043b\u0435\u0433\u043e\u0439 \u041c\u044f\u043a\u0435\u043d\u044c\u043a\u043e\u0439 \u0415.\u0412 \u043f\u0440\u0438\u0433\u043b\u0430\u0448\u0430\u0435\u043c \u0432\u0430\u0441 \u043d\u0430 \u0433\u0440\u0443\u043f\u043f\u043e\u0432\u0443\u044e \u0442\u0435\u0440\u0430\u043f\u0438\u044e, \u0433\u0434\u0435 \u0432\u044b \u0441\u043c\u043e\u0436\u0435\u0442\u0435 \u043f\u043e\u0434\u0435\u043b\u0438\u0442\u044c\u0441\u044f \u0441\u0432\u043e\u0438\u043c\u0438 [&hellip;]<\/p>","protected":false},"author":1,"featured_media":0,"parent":0,"menu_order":0,"comment_status":"closed","ping_status":"closed","template":"","meta":{"site-sidebar-layout":"no-sidebar","site-content-layout":"","ast-site-content-layout":"full-width-container","site-content-style":"default","site-sidebar-style":"default","ast-global-header-display":"","ast-banner-title-visibility":"","ast-main-header-display":"","ast-hfb-above-header-display":"","ast-hfb-below-header-display":"","ast-hfb-mobile-header-display":"","site-post-title":"disabled","ast-breadcrumbs-content":"","ast-featured-img":"disabled","footer-sml-layout":"","theme-transparent-header-meta":"","adv-header-id-meta":"","stick-header-meta":"","header-above-stick-meta":"","header-main-stick-meta":"","header-below-stick-meta":"","astra-migrate-meta-layouts":"default","ast-page-background-enabled":"default","ast-page-background-meta":{"desktop":{"background-color":"var(--ast-global-color-5)","background-image":"","background-repeat":"repeat","background-position":"center center","background-size":"auto","background-attachment":"scroll","background-type":"","background-media":"","overlay-type":"","overlay-color":"","overlay-opacity":"","overlay-gradient":""},"tablet":{"background-color":"","background-image":"","background-repeat":"repeat","background-position":"center center","background-size":"auto","background-attachment":"scroll","background-type":"","background-media":"","overlay-type":"","overlay-color":"","overlay-opacity":"","overlay-gradient":""},"mobile":{"background-color":"","background-image":"","background-repeat":"repeat","background-position":"center center","background-size":"auto","background-attachment":"scroll","background-type":"","background-media":"","overlay-type":"","overlay-color":"","overlay-opacity":"","overlay-gradient":""}},"ast-content-background-meta":{"desktop":{"background-color":"var(--ast-global-color-4)","background-image":"","background-repeat":"repeat","background-position":"center center","background-size":"auto","background-attachment":"scroll","background-type":"","background-media":"","overlay-type":"","overlay-color":"","overlay-opacity":"","overlay-gradient":""},"tablet":{"background-color":"var(--ast-global-color-4)","background-image":"","background-repeat":"repeat","background-position":"center center","background-size":"auto","background-attachment":"scroll","background-type":"","background-media":"","overlay-type":"","overlay-color":"","overlay-opacity":"","overlay-gradient":""},"mobile":{"background-color":"var(--ast-global-color-4)","background-image":"","background-repeat":"repeat","background-position":"center center","background-size":"auto","background-attachment":"scroll","background-type":"","background-media":"","overlay-type":"","overlay-color":"","overlay-opacity":"","overlay-gradient":""}},"footnotes":""},"class_list":["post-156","page","type-page","status-publish","hentry"],"yoast_head":"<!-- This site is optimized with the Yoast SEO plugin v25.2 - https:\/\/yoast.com\/wordpress\/plugins\/seo\/ -->\n<title>\u0413\u0440\u0443\u043f\u043f\u043e\u0432\u0430\u044f \u0442\u0435\u0440\u0430\u043f\u0438\u044f \u0434\u043b\u044f \u043f\u0441\u0438\u0445\u043e\u043b\u043e\u0433\u043e\u0432 - mariannatolkacheva<\/title>\n<meta name=\"description\" content=\"Espacio dise\u00f1ado para psic\u00f3logos y profesionales de la salud mental que deseen compartir experiencias, recibir supervisi\u00f3n y reforzar su pr\u00e1ctica cl\u00ednica a trav\u00e9s de la terapia de grupo.\" \/>\n<meta name=\"robots\" content=\"index, follow, max-snippet:-1, max-image-preview:large, max-video-preview:-1\" \/>\n<link rel=\"canonical\" href=\"https:\/\/mariannatolkacheva.com\/es\/terapia-de-grupo-para-psicologos\/\" \/>\n<meta property=\"og:locale\" content=\"es_ES\" \/>\n<meta property=\"og:type\" content=\"article\" \/>\n<meta property=\"og:title\" content=\"\u0413\u0440\u0443\u043f\u043f\u043e\u0432\u0430\u044f \u0442\u0435\u0440\u0430\u043f\u0438\u044f \u0434\u043b\u044f \u043f\u0441\u0438\u0445\u043e\u043b\u043e\u0433\u043e\u0432 - mariannatolkacheva\" \/>\n<meta property=\"og:description\" content=\"Espacio dise\u00f1ado para psic\u00f3logos y profesionales de la salud mental que deseen compartir experiencias, recibir supervisi\u00f3n y reforzar su pr\u00e1ctica cl\u00ednica a trav\u00e9s de la terapia de grupo.\" \/>\n<meta property=\"og:url\" content=\"https:\/\/mariannatolkacheva.com\/es\/terapia-de-grupo-para-psicologos\/\" \/>\n<meta property=\"og:site_name\" content=\"mariannatolkacheva\" \/>\n<meta property=\"article:modified_time\" content=\"2025-10-20T13:48:31+00:00\" \/>\n<meta property=\"og:image\" content=\"https:\/\/mariannatolkacheva.com\/wp-content\/uploads\/2025\/05\/Pic_4.png\" \/>\n\t<meta property=\"og:image:width\" content=\"302\" \/>\n\t<meta property=\"og:image:height\" content=\"390\" \/>\n\t<meta property=\"og:image:type\" content=\"image\/png\" \/>\n<meta name=\"twitter:card\" content=\"summary_large_image\" \/>\n<meta name=\"twitter:label1\" content=\"Tiempo de lectura\" \/>\n\t<meta name=\"twitter:data1\" content=\"1 minuto\" \/>\n<script type=\"application\/ld+json\" class=\"yoast-schema-graph\">{\"@context\":\"https:\/\/schema.org\",\"@graph\":[{\"@type\":\"WebPage\",\"@id\":\"https:\/\/mariannatolkacheva.com\/terapia-de-grupo-para-psicologos\/\",\"url\":\"https:\/\/mariannatolkacheva.com\/terapia-de-grupo-para-psicologos\/\",\"name\":\"\u0413\u0440\u0443\u043f\u043f\u043e\u0432\u0430\u044f \u0442\u0435\u0440\u0430\u043f\u0438\u044f \u0434\u043b\u044f \u043f\u0441\u0438\u0445\u043e\u043b\u043e\u0433\u043e\u0432 - mariannatolkacheva\",\"isPartOf\":{\"@id\":\"https:\/\/mariannatolkacheva.com\/#website\"},\"primaryImageOfPage\":{\"@id\":\"https:\/\/mariannatolkacheva.com\/terapia-de-grupo-para-psicologos\/#primaryimage\"},\"image\":{\"@id\":\"https:\/\/mariannatolkacheva.com\/terapia-de-grupo-para-psicologos\/#primaryimage\"},\"thumbnailUrl\":\"https:\/\/mariannatolkacheva.com\/wp-content\/uploads\/2025\/05\/Pic_4.png\",\"datePublished\":\"2025-05-14T11:06:22+00:00\",\"dateModified\":\"2025-10-20T13:48:31+00:00\",\"description\":\"Espacio dise\u00f1ado para psic\u00f3logos y profesionales de la salud mental que deseen compartir experiencias, recibir supervisi\u00f3n y reforzar su pr\u00e1ctica cl\u00ednica a trav\u00e9s de la terapia de grupo.\",\"breadcrumb\":{\"@id\":\"https:\/\/mariannatolkacheva.com\/terapia-de-grupo-para-psicologos\/#breadcrumb\"},\"inLanguage\":\"es\",\"potentialAction\":[{\"@type\":\"ReadAction\",\"target\":[\"https:\/\/mariannatolkacheva.com\/terapia-de-grupo-para-psicologos\/\"]}]},{\"@type\":\"ImageObject\",\"inLanguage\":\"es\",\"@id\":\"https:\/\/mariannatolkacheva.com\/terapia-de-grupo-para-psicologos\/#primaryimage\",\"url\":\"https:\/\/mariannatolkacheva.com\/wp-content\/uploads\/2025\/05\/Pic_4.png\",\"contentUrl\":\"https:\/\/mariannatolkacheva.com\/wp-content\/uploads\/2025\/05\/Pic_4.png\"},{\"@type\":\"BreadcrumbList\",\"@id\":\"https:\/\/mariannatolkacheva.com\/terapia-de-grupo-para-psicologos\/#breadcrumb\",\"itemListElement\":[{\"@type\":\"ListItem\",\"position\":1,\"name\":\"Portada\",\"item\":\"https:\/\/mariannatolkacheva.com\/\"},{\"@type\":\"ListItem\",\"position\":2,\"name\":\"\u0413\u0440\u0443\u043f\u043f\u043e\u0432\u0430\u044f \u0442\u0435\u0440\u0430\u043f\u0438\u044f \u0434\u043b\u044f \u043f\u0441\u0438\u0445\u043e\u043b\u043e\u0433\u043e\u0432\"}]},{\"@type\":\"WebSite\",\"@id\":\"https:\/\/mariannatolkacheva.com\/#website\",\"url\":\"https:\/\/mariannatolkacheva.com\/\",\"name\":\"mariannatolkacheva\",\"description\":\"\",\"publisher\":{\"@id\":\"https:\/\/mariannatolkacheva.com\/#organization\"},\"potentialAction\":[{\"@type\":\"SearchAction\",\"target\":{\"@type\":\"EntryPoint\",\"urlTemplate\":\"https:\/\/mariannatolkacheva.com\/?s={search_term_string}\"},\"query-input\":{\"@type\":\"PropertyValueSpecification\",\"valueRequired\":true,\"valueName\":\"search_term_string\"}}],\"inLanguage\":\"es\"},{\"@type\":\"Organization\",\"@id\":\"https:\/\/mariannatolkacheva.com\/#organization\",\"name\":\"Marianna Tolkacheva\",\"url\":\"https:\/\/mariannatolkacheva.com\/\",\"logo\":{\"@type\":\"ImageObject\",\"inLanguage\":\"es\",\"@id\":\"https:\/\/mariannatolkacheva.com\/#\/schema\/logo\/image\/\",\"url\":\"https:\/\/mariannatolkacheva.com\/wp-content\/uploads\/2025\/05\/712e9a31c00df1be6145beebc5b7535547c75943-2.png\",\"contentUrl\":\"https:\/\/mariannatolkacheva.com\/wp-content\/uploads\/2025\/05\/712e9a31c00df1be6145beebc5b7535547c75943-2.png\",\"width\":88,\"height\":100,\"caption\":\"Marianna Tolkacheva\"},\"image\":{\"@id\":\"https:\/\/mariannatolkacheva.com\/#\/schema\/logo\/image\/\"},\"sameAs\":[\"https:\/\/web.telegram.org\/a\/#547199565\",\"https:\/\/www.instagram.com\/tolkacheva.marianna\/\"]}]}<\/script>\n<!-- \/ Yoast SEO plugin. -->","yoast_head_json":{"title":"\u0413\u0440\u0443\u043f\u043f\u043e\u0432\u0430\u044f \u0442\u0435\u0440\u0430\u043f\u0438\u044f \u0434\u043b\u044f \u043f\u0441\u0438\u0445\u043e\u043b\u043e\u0433\u043e\u0432 - mariannatolkacheva","description":"Espacio dise\u00f1ado para psic\u00f3logos y profesionales de la salud mental que deseen compartir experiencias, recibir supervisi\u00f3n y reforzar su pr\u00e1ctica cl\u00ednica a trav\u00e9s de la terapia de grupo.","robots":{"index":"index","follow":"follow","max-snippet":"max-snippet:-1","max-image-preview":"max-image-preview:large","max-video-preview":"max-video-preview:-1"},"canonical":"https:\/\/mariannatolkacheva.com\/es\/terapia-de-grupo-para-psicologos\/","og_locale":"es_ES","og_type":"article","og_title":"\u0413\u0440\u0443\u043f\u043f\u043e\u0432\u0430\u044f \u0442\u0435\u0440\u0430\u043f\u0438\u044f \u0434\u043b\u044f \u043f\u0441\u0438\u0445\u043e\u043b\u043e\u0433\u043e\u0432 - mariannatolkacheva","og_description":"Espacio dise\u00f1ado para psic\u00f3logos y profesionales de la salud mental que deseen compartir experiencias, recibir supervisi\u00f3n y reforzar su pr\u00e1ctica cl\u00ednica a trav\u00e9s de la terapia de grupo.","og_url":"https:\/\/mariannatolkacheva.com\/es\/terapia-de-grupo-para-psicologos\/","og_site_name":"mariannatolkacheva","article_modified_time":"2025-10-20T13:48:31+00:00","og_image":[{"width":302,"height":390,"url":"https:\/\/mariannatolkacheva.com\/wp-content\/uploads\/2025\/05\/Pic_4.png","type":"image\/png"}],"twitter_card":"summary_large_image","twitter_misc":{"Tiempo de lectura":"1 minuto"},"schema":{"@context":"https:\/\/schema.org","@graph":[{"@type":"WebPage","@id":"https:\/\/mariannatolkacheva.com\/terapia-de-grupo-para-psicologos\/","url":"https:\/\/mariannatolkacheva.com\/terapia-de-grupo-para-psicologos\/","name":"\u0413\u0440\u0443\u043f\u043f\u043e\u0432\u0430\u044f \u0442\u0435\u0440\u0430\u043f\u0438\u044f \u0434\u043b\u044f \u043f\u0441\u0438\u0445\u043e\u043b\u043e\u0433\u043e\u0432 - mariannatolkacheva","isPartOf":{"@id":"https:\/\/mariannatolkacheva.com\/#website"},"primaryImageOfPage":{"@id":"https:\/\/mariannatolkacheva.com\/terapia-de-grupo-para-psicologos\/#primaryimage"},"image":{"@id":"https:\/\/mariannatolkacheva.com\/terapia-de-grupo-para-psicologos\/#primaryimage"},"thumbnailUrl":"https:\/\/mariannatolkacheva.com\/wp-content\/uploads\/2025\/05\/Pic_4.png","datePublished":"2025-05-14T11:06:22+00:00","dateModified":"2025-10-20T13:48:31+00:00","description":"Espacio dise\u00f1ado para psic\u00f3logos y profesionales de la salud mental que deseen compartir experiencias, recibir supervisi\u00f3n y reforzar su pr\u00e1ctica cl\u00ednica a trav\u00e9s de la terapia de grupo.","breadcrumb":{"@id":"https:\/\/mariannatolkacheva.com\/terapia-de-grupo-para-psicologos\/#breadcrumb"},"inLanguage":"es","potentialAction":[{"@type":"ReadAction","target":["https:\/\/mariannatolkacheva.com\/terapia-de-grupo-para-psicologos\/"]}]},{"@type":"ImageObject","inLanguage":"es","@id":"https:\/\/mariannatolkacheva.com\/terapia-de-grupo-para-psicologos\/#primaryimage","url":"https:\/\/mariannatolkacheva.com\/wp-content\/uploads\/2025\/05\/Pic_4.png","contentUrl":"https:\/\/mariannatolkacheva.com\/wp-content\/uploads\/2025\/05\/Pic_4.png"},{"@type":"BreadcrumbList","@id":"https:\/\/mariannatolkacheva.com\/terapia-de-grupo-para-psicologos\/#breadcrumb","itemListElement":[{"@type":"ListItem","position":1,"name":"Portada","item":"https:\/\/mariannatolkacheva.com\/"},{"@type":"ListItem","position":2,"name":"\u0413\u0440\u0443\u043f\u043f\u043e\u0432\u0430\u044f \u0442\u0435\u0440\u0430\u043f\u0438\u044f \u0434\u043b\u044f \u043f\u0441\u0438\u0445\u043e\u043b\u043e\u0433\u043e\u0432"}]},{"@type":"WebSite","@id":"https:\/\/mariannatolkacheva.com\/#website","url":"https:\/\/mariannatolkacheva.com\/","name":"mariannatolkacheva","description":"","publisher":{"@id":"https:\/\/mariannatolkacheva.com\/#organization"},"potentialAction":[{"@type":"SearchAction","target":{"@type":"EntryPoint","urlTemplate":"https:\/\/mariannatolkacheva.com\/?s={search_term_string}"},"query-input":{"@type":"PropertyValueSpecification","valueRequired":true,"valueName":"search_term_string"}}],"inLanguage":"es"},{"@type":"Organization","@id":"https:\/\/mariannatolkacheva.com\/#organization","name":"Marianna Tolkacheva","url":"https:\/\/mariannatolkacheva.com\/","logo":{"@type":"ImageObject","inLanguage":"es","@id":"https:\/\/mariannatolkacheva.com\/#\/schema\/logo\/image\/","url":"https:\/\/mariannatolkacheva.com\/wp-content\/uploads\/2025\/05\/712e9a31c00df1be6145beebc5b7535547c75943-2.png","contentUrl":"https:\/\/mariannatolkacheva.com\/wp-content\/uploads\/2025\/05\/712e9a31c00df1be6145beebc5b7535547c75943-2.png","width":88,"height":100,"caption":"Marianna Tolkacheva"},"image":{"@id":"https:\/\/mariannatolkacheva.com\/#\/schema\/logo\/image\/"},"sameAs":["https:\/\/web.telegram.org\/a\/#547199565","https:\/\/www.instagram.com\/tolkacheva.marianna\/"]}]}},"_links":{"self":[{"href":"https:\/\/mariannatolkacheva.com\/es\/wp-json\/wp\/v2\/pages\/156","targetHints":{"allow":["GET"]}}],"collection":[{"href":"https:\/\/mariannatolkacheva.com\/es\/wp-json\/wp\/v2\/pages"}],"about":[{"href":"https:\/\/mariannatolkacheva.com\/es\/wp-json\/wp\/v2\/types\/page"}],"author":[{"embeddable":true,"href":"https:\/\/mariannatolkacheva.com\/es\/wp-json\/wp\/v2\/users\/1"}],"replies":[{"embeddable":true,"href":"https:\/\/mariannatolkacheva.com\/es\/wp-json\/wp\/v2\/comments?post=156"}],"version-history":[{"count":25,"href":"https:\/\/mariannatolkacheva.com\/es\/wp-json\/wp\/v2\/pages\/156\/revisions"}],"predecessor-version":[{"id":751,"href":"https:\/\/mariannatolkacheva.com\/es\/wp-json\/wp\/v2\/pages\/156\/revisions\/751"}],"wp:attachment":[{"href":"https:\/\/mariannatolkacheva.com\/es\/wp-json\/wp\/v2\/media?parent=156"}],"curies":[{"name":"wp","href":"https:\/\/api.w.org\/{rel}","templated":true}]}}