{"id":155,"date":"2025-05-14T11:06:22","date_gmt":"2025-05-14T11:06:22","guid":{"rendered":"https:\/\/mariannatolkacheva.com\/?page_id=155"},"modified":"2025-10-20T13:48:02","modified_gmt":"2025-10-20T13:48:02","slug":"terapia-de-grupo","status":"publish","type":"page","link":"https:\/\/mariannatolkacheva.com\/es\/terapia-de-grupo\/","title":{"rendered":"Terapia de grupo"},"content":{"rendered":"<div data-elementor-type=\"wp-page\" data-elementor-id=\"155\" class=\"elementor elementor-155\">\n\t\t\t\t<div class=\"elementor-element elementor-element-3445ae2f e-flex e-con-boxed e-con e-parent\" data-id=\"3445ae2f\" data-element_type=\"container\" data-settings=\"{&quot;background_background&quot;:&quot;classic&quot;}\">\n\t\t\t\t\t<div class=\"e-con-inner\">\n\t\t\t\t<div class=\"elementor-element elementor-element-359a564e elementor-widget__width-initial elementor-absolute elementor-widget elementor-widget-heading\" data-id=\"359a564e\" data-element_type=\"widget\" data-settings=\"{&quot;_position&quot;:&quot;absolute&quot;}\" data-widget_type=\"heading.default\">\n\t\t\t\t<div class=\"elementor-widget-container\">\n\t\t\t\t\t<h2 class=\"elementor-heading-title elementor-size-default\">Terapia de grupo<\/h2>\t\t\t\t<\/div>\n\t\t\t\t<\/div>\n\t\t\t\t\t<\/div>\n\t\t\t\t<\/div>\n\t\t<div class=\"elementor-element elementor-element-1c0e1a07 e-flex e-con-boxed e-con e-parent\" data-id=\"1c0e1a07\" data-element_type=\"container\">\n\t\t\t\t\t<div class=\"e-con-inner\">\n\t\t<div class=\"elementor-element elementor-element-255fdb16 e-con-full e-flex e-con e-child\" data-id=\"255fdb16\" data-element_type=\"container\">\n\t\t\t\t<div class=\"elementor-element elementor-element-2e8cfe elementor-widget elementor-widget-text-editor\" data-id=\"2e8cfe\" data-element_type=\"widget\" data-widget_type=\"text-editor.default\">\n\t\t\t\t<div class=\"elementor-widget-container\">\n\t\t\t\t\t\t\t\t\t<p><span class=\"TextRun SCXW37620947 BCX0\" lang=\"RU-RU\" xml:lang=\"RU-RU\" data-contrast=\"auto\"><span class=\"NormalTextRun SCXW37620947 BCX0\">\u00bfQu\u00e9 es la terapia de grupo y por qu\u00e9 funciona?<\/span><\/span><\/p>\t\t\t\t\t\t\t\t<\/div>\n\t\t\t\t<\/div>\n\t\t\t\t<\/div>\n\t\t<div class=\"elementor-element elementor-element-288eeb43 e-con-full e-flex e-con e-child\" data-id=\"288eeb43\" data-element_type=\"container\">\n\t\t\t\t<\/div>\n\t\t<div class=\"elementor-element elementor-element-6f5aa2dd e-con-full e-flex e-con e-child\" data-id=\"6f5aa2dd\" data-element_type=\"container\" data-settings=\"{&quot;background_background&quot;:&quot;classic&quot;}\">\n\t\t\t\t<div class=\"elementor-element elementor-element-1f42d3e0 elementor-widget elementor-widget-image\" data-id=\"1f42d3e0\" data-element_type=\"widget\" data-widget_type=\"image.default\">\n\t\t\t\t<div class=\"elementor-widget-container\">\n\t\t\t\t\t\t\t\t\t\t\t\t\t\t\t<img fetchpriority=\"high\" decoding=\"async\" width=\"301\" height=\"390\" src=\"https:\/\/mariannatolkacheva.com\/wp-content\/uploads\/2025\/05\/Pic_3.png\" class=\"attachment-large size-large wp-image-52\" alt=\"\" srcset=\"https:\/\/mariannatolkacheva.com\/wp-content\/uploads\/2025\/05\/Pic_3.png 301w, https:\/\/mariannatolkacheva.com\/wp-content\/uploads\/2025\/05\/Pic_3-232x300.png 232w\" sizes=\"(max-width: 301px) 100vw, 301px\" \/>\t\t\t\t\t\t\t\t\t\t\t\t\t\t\t<\/div>\n\t\t\t\t<\/div>\n\t\t\t\t<\/div>\n\t\t<div class=\"elementor-element elementor-element-3610c4c5 e-con-full e-flex e-con e-child\" data-id=\"3610c4c5\" data-element_type=\"container\">\n\t\t\t\t<div class=\"elementor-element elementor-element-50e5eb56 elementor-widget__width-initial elementor-widget elementor-widget-text-editor\" data-id=\"50e5eb56\" data-element_type=\"widget\" data-widget_type=\"text-editor.default\">\n\t\t\t\t<div class=\"elementor-widget-container\">\n\t\t\t\t\t\t\t\t\t<p><span class=\"TextRun SCXW166745460 BCX0\" lang=\"RU-RU\" xml:lang=\"RU-RU\" data-contrast=\"auto\"><span class=\"NormalTextRun SCXW166745460 BCX0\">La terapia de grupo es una forma \u00fanica de apoyo psicol\u00f3gico que permite no solo expresar emociones, sino tambi\u00e9n encontrar comprensi\u00f3n y conexi\u00f3n con personas que atraviesan situaciones similares.<\/span><\/span><\/p>\t\t\t\t\t\t\t\t<\/div>\n\t\t\t\t<\/div>\n\t\t\t\t<\/div>\n\t\t\t\t\t<\/div>\n\t\t\t\t<\/div>\n\t\t<div class=\"elementor-element elementor-element-64745379 e-flex e-con-boxed e-con e-parent\" data-id=\"64745379\" data-element_type=\"container\" data-settings=\"{&quot;background_background&quot;:&quot;classic&quot;}\">\n\t\t\t\t\t<div class=\"e-con-inner\">\n\t\t\t\t\t<\/div>\n\t\t\t\t<\/div>\n\t\t<div class=\"elementor-element elementor-element-251a8056 e-flex e-con-boxed e-con e-parent\" data-id=\"251a8056\" data-element_type=\"container\" data-settings=\"{&quot;background_background&quot;:&quot;classic&quot;}\">\n\t\t\t\t\t<div class=\"e-con-inner\">\n\t\t<div class=\"elementor-element elementor-element-24fac821 e-con-full e-flex e-con e-child\" data-id=\"24fac821\" data-element_type=\"container\">\n\t\t\t\t<div class=\"elementor-element elementor-element-156a7630 elementor-widget elementor-widget-heading\" data-id=\"156a7630\" data-element_type=\"widget\" data-widget_type=\"heading.default\">\n\t\t\t\t<div class=\"elementor-widget-container\">\n\t\t\t\t\t<h2 class=\"elementor-heading-title elementor-size-default\">Cada sesi\u00f3n se desarrolla en un entorno seguro y de confianza, donde puedes: <\/h2>\t\t\t\t<\/div>\n\t\t\t\t<\/div>\n\t\t\t\t<\/div>\n\t\t<div class=\"elementor-element elementor-element-1d68b51d e-con-full e-flex e-con e-child\" data-id=\"1d68b51d\" data-element_type=\"container\">\n\t\t\t\t<div class=\"elementor-element elementor-element-7d54e5ba elementor-widget elementor-widget-text-editor\" data-id=\"7d54e5ba\" data-element_type=\"widget\" data-widget_type=\"text-editor.default\">\n\t\t\t\t<div class=\"elementor-widget-container\">\n\t\t\t\t\t\t\t\t\t<p><span class=\"TextRun SCXW35287131 BCX0\" lang=\"RU-RU\" xml:lang=\"RU-RU\" data-contrast=\"auto\"><span class=\"NormalTextRun SCXW35287131 BCX0\">Sentirte acompa\u00f1ado y compartir tu experiencia con sinceridad.<\/span><\/span><span class=\"EOP SCXW35287131 BCX0\" data-ccp-props=\"{&quot;134233117&quot;:true,&quot;134233118&quot;:true,&quot;335551550&quot;:6,&quot;335551620&quot;:6}\">\u00a0<\/span><\/p>\t\t\t\t\t\t\t\t<\/div>\n\t\t\t\t<\/div>\n\t\t\t\t<div class=\"elementor-element elementor-element-2029f1f1 elementor-widget__width-initial elementor-widget elementor-widget-text-editor\" data-id=\"2029f1f1\" data-element_type=\"widget\" data-widget_type=\"text-editor.default\">\n\t\t\t\t<div class=\"elementor-widget-container\">\n\t\t\t\t\t\t\t\t\t<p><span class=\"TextRun SCXW150946811 BCX0\" lang=\"RU-RU\" xml:lang=\"RU-RU\" data-contrast=\"auto\"><span class=\"NormalTextRun SCXW150946811 BCX0\">Comprender que no est\u00e1s solo\/a en tus emociones y dificultades.<\/span><\/span><span class=\"EOP SCXW150946811 BCX0\" data-ccp-props=\"{&quot;134233117&quot;:true,&quot;134233118&quot;:true}\">\u00a0<\/span><\/p>\t\t\t\t\t\t\t\t<\/div>\n\t\t\t\t<\/div>\n\t\t\t\t<div class=\"elementor-element elementor-element-d05f623 elementor-widget elementor-widget-text-editor\" data-id=\"d05f623\" data-element_type=\"widget\" data-widget_type=\"text-editor.default\">\n\t\t\t\t<div class=\"elementor-widget-container\">\n\t\t\t\t\t\t\t\t\t<p><span class=\"TextRun SCXW67099729 BCX0\" lang=\"RU-RU\" xml:lang=\"RU-RU\" data-contrast=\"auto\"><span class=\"NormalTextRun SCXW67099729 BCX0\">Ver tus problemas desde nuevas perspectivas gracias a los dem\u00e1s miembros del grupo.<\/span><\/span><span class=\"EOP SCXW67099729 BCX0\" data-ccp-props=\"{&quot;134233117&quot;:true,&quot;134233118&quot;:true}\">\u00a0<\/span><\/p>\t\t\t\t\t\t\t\t<\/div>\n\t\t\t\t<\/div>\n\t\t\t\t<div class=\"elementor-element elementor-element-476d1fcb elementor-widget__width-initial elementor-widget elementor-widget-text-editor\" data-id=\"476d1fcb\" data-element_type=\"widget\" data-widget_type=\"text-editor.default\">\n\t\t\t\t<div class=\"elementor-widget-container\">\n\t\t\t\t\t\t\t\t\t<p><span class=\"TextRun SCXW248065909 BCX0\" lang=\"RU-RU\" xml:lang=\"RU-RU\" data-contrast=\"auto\"><span class=\"NormalTextRun SCXW248065909 BCX0\">Desarrollar habilidades de comunicaci\u00f3n y expresi\u00f3n en un contexto grupal.<\/span><\/span><span class=\"EOP SCXW248065909 BCX0\" data-ccp-props=\"{&quot;134233117&quot;:true,&quot;134233118&quot;:true}\">\u00a0<\/span><\/p>\t\t\t\t\t\t\t\t<\/div>\n\t\t\t\t<\/div>\n\t\t\t\t<\/div>\n\t\t\t\t<div class=\"elementor-element elementor-element-767b8736 elementor-widget elementor-widget-heading\" data-id=\"767b8736\" data-element_type=\"widget\" data-widget_type=\"heading.default\">\n\t\t\t\t<div class=\"elementor-widget-container\">\n\t\t\t\t\t<h2 class=\"elementor-heading-title elementor-size-default\">\u00bfPara qui\u00e9n est\u00e1 pensada esta terapia?<\/h2>\t\t\t\t<\/div>\n\t\t\t\t<\/div>\n\t\t\t\t<div class=\"elementor-element elementor-element-150a46f2 elementor-widget__width-initial elementor-widget elementor-widget-text-editor\" data-id=\"150a46f2\" data-element_type=\"widget\" data-widget_type=\"text-editor.default\">\n\t\t\t\t<div class=\"elementor-widget-container\">\n\t\t\t\t\t\t\t\t\t<p>Si sientes una carga emocional, quieres entender mejor lo que te pasa por dentro, o simplemente necesitas un espacio donde poder ser t\u00fa mismo\/a, este grupo es para ti. \n\nLa terapia de grupo puede ayudarte a afrontar la ansiedad, el sentimiento de soledad, los conflictos internos y muchas otras situaciones dif\u00edciles.<\/p>\t\t\t\t\t\t\t\t<\/div>\n\t\t\t\t<\/div>\n\t\t\t\t<div class=\"elementor-element elementor-element-7748ccd9 elementor-widget elementor-widget-heading\" data-id=\"7748ccd9\" data-element_type=\"widget\" data-widget_type=\"heading.default\">\n\t\t\t\t<div class=\"elementor-widget-container\">\n\t\t\t\t\t<h2 class=\"elementor-heading-title elementor-size-default\">\u00bfPor qu\u00e9 probar EMDR?<\/h2>\t\t\t\t<\/div>\n\t\t\t\t<\/div>\n\t\t\t\t<div class=\"elementor-element elementor-element-189e732 elementor-widget__width-initial elementor-widget elementor-widget-text-editor\" data-id=\"189e732\" data-element_type=\"widget\" data-widget_type=\"text-editor.default\">\n\t\t\t\t<div class=\"elementor-widget-container\">\n\t\t\t\t\t\t\t\t\t<p>Formar parte de un grupo no solo ayuda a trabajar con lo que duele por dentro, sino tambi\u00e9n a fortalecer la conexi\u00f3n con los dem\u00e1s, entenderte mejor y sentirte con m\u00e1s equilibrio y fuerza interior. Juntos creamos un espacio donde cada persona puede abrirse, ser escuchada y avanzar hacia un mayor bienestar emocional.<\/p>\t\t\t\t\t\t\t\t<\/div>\n\t\t\t\t<\/div>\n\t\t\t\t<div class=\"elementor-element elementor-element-405f8394 elementor-align-center elementor-widget elementor-widget-button\" data-id=\"405f8394\" data-element_type=\"widget\" data-widget_type=\"button.default\">\n\t\t\t\t<div class=\"elementor-widget-container\">\n\t\t\t\t\t\t\t\t\t<div class=\"elementor-button-wrapper\">\n\t\t\t\t\t<a class=\"elementor-button elementor-button-link elementor-size-sm\" href=\"https:\/\/api.whatsapp.com\/send\/?phone=610359716&#038;text&#038;type=phone_number&#038;app_absent=0\">\n\t\t\t\t\t\t<span class=\"elementor-button-content-wrapper\">\n\t\t\t\t\t\t\t\t\t<span class=\"elementor-button-text\">Pide tu cita<\/span>\n\t\t\t\t\t<\/span>\n\t\t\t\t\t<\/a>\n\t\t\t\t<\/div>\n\t\t\t\t\t\t\t\t<\/div>\n\t\t\t\t<\/div>\n\t\t\t\t\t<\/div>\n\t\t\t\t<\/div>\n\t\t\t\t<\/div>","protected":false},"excerpt":{"rendered":"<p>\u0413\u0440\u0443\u043f\u043f\u043e\u0432\u0430\u044f \u0442\u0435\u0440\u0430\u043f\u0438\u044f \u0427\u0442\u043e \u0442\u0430\u043a\u043e\u0435 \u0433\u0440\u0443\u043f\u043f\u043e\u0432\u0430\u044f \u0442\u0435\u0440\u0430\u043f\u0438\u044f \u0438 \u043f\u043e\u0447\u0435\u043c\u0443 \u043e\u043d\u0430 \u0440\u0430\u0431\u043e\u0442\u0430\u0435\u0442? \u0413\u0440\u0443\u043f\u043f\u043e\u0432\u0430\u044f \u0442\u0435\u0440\u0430\u043f\u0438\u044f \u2014 \u044d\u0442\u043e \u0443\u043d\u0438\u043a\u0430\u043b\u044c\u043d\u0430\u044f \u0444\u043e\u0440\u043c\u0430 \u043f\u0441\u0438\u0445\u043e\u043b\u043e\u0433\u0438\u0447\u0435\u0441\u043a\u043e\u0439 \u043f\u043e\u0434\u0434\u0435\u0440\u0436\u043a\u0438, \u043a\u043e\u0442\u043e\u0440\u0430\u044f \u043f\u043e\u0437\u0432\u043e\u043b\u044f\u0435\u0442 [&hellip;]<\/p>","protected":false},"author":1,"featured_media":0,"parent":0,"menu_order":0,"comment_status":"closed","ping_status":"closed","template":"","meta":{"site-sidebar-layout":"no-sidebar","site-content-layout":"","ast-site-content-layout":"full-width-container","site-content-style":"default","site-sidebar-style":"default","ast-global-header-display":"","ast-banner-title-visibility":"","ast-main-header-display":"","ast-hfb-above-header-display":"","ast-hfb-below-header-display":"","ast-hfb-mobile-header-display":"","site-post-title":"disabled","ast-breadcrumbs-content":"","ast-featured-img":"disabled","footer-sml-layout":"","theme-transparent-header-meta":"","adv-header-id-meta":"","stick-header-meta":"","header-above-stick-meta":"","header-main-stick-meta":"","header-below-stick-meta":"","astra-migrate-meta-layouts":"default","ast-page-background-enabled":"default","ast-page-background-meta":{"desktop":{"background-color":"var(--ast-global-color-5)","background-image":"","background-repeat":"repeat","background-position":"center center","background-size":"auto","background-attachment":"scroll","background-type":"","background-media":"","overlay-type":"","overlay-color":"","overlay-opacity":"","overlay-gradient":""},"tablet":{"background-color":"","background-image":"","background-repeat":"repeat","background-position":"center center","background-size":"auto","background-attachment":"scroll","background-type":"","background-media":"","overlay-type":"","overlay-color":"","overlay-opacity":"","overlay-gradient":""},"mobile":{"background-color":"","background-image":"","background-repeat":"repeat","background-position":"center center","background-size":"auto","background-attachment":"scroll","background-type":"","background-media":"","overlay-type":"","overlay-color":"","overlay-opacity":"","overlay-gradient":""}},"ast-content-background-meta":{"desktop":{"background-color":"var(--ast-global-color-4)","background-image":"","background-repeat":"repeat","background-position":"center center","background-size":"auto","background-attachment":"scroll","background-type":"","background-media":"","overlay-type":"","overlay-color":"","overlay-opacity":"","overlay-gradient":""},"tablet":{"background-color":"var(--ast-global-color-4)","background-image":"","background-repeat":"repeat","background-position":"center center","background-size":"auto","background-attachment":"scroll","background-type":"","background-media":"","overlay-type":"","overlay-color":"","overlay-opacity":"","overlay-gradient":""},"mobile":{"background-color":"var(--ast-global-color-4)","background-image":"","background-repeat":"repeat","background-position":"center center","background-size":"auto","background-attachment":"scroll","background-type":"","background-media":"","overlay-type":"","overlay-color":"","overlay-opacity":"","overlay-gradient":""}},"footnotes":""},"class_list":["post-155","page","type-page","status-publish","hentry"],"yoast_head":"<!-- This site is optimized with the Yoast SEO plugin v25.2 - https:\/\/yoast.com\/wordpress\/plugins\/seo\/ -->\n<title>\u0413\u0440\u0443\u043f\u043f\u043e\u0432\u0430\u044f \u0442\u0435\u0440\u0430\u043f\u0438\u044f - mariannatolkacheva<\/title>\n<meta name=\"description\" content=\"Es un espacio seguro y acogedor donde personas con experiencias similares se re\u00fanen para apoyarse mutuamente y crecer juntos.\" \/>\n<meta name=\"robots\" content=\"index, follow, max-snippet:-1, max-image-preview:large, max-video-preview:-1\" \/>\n<link rel=\"canonical\" href=\"https:\/\/mariannatolkacheva.com\/es\/terapia-de-grupo\/\" \/>\n<meta property=\"og:locale\" content=\"es_ES\" \/>\n<meta property=\"og:type\" content=\"article\" \/>\n<meta property=\"og:title\" content=\"\u0413\u0440\u0443\u043f\u043f\u043e\u0432\u0430\u044f \u0442\u0435\u0440\u0430\u043f\u0438\u044f - mariannatolkacheva\" \/>\n<meta property=\"og:description\" content=\"Es un espacio seguro y acogedor donde personas con experiencias similares se re\u00fanen para apoyarse mutuamente y crecer juntos.\" \/>\n<meta property=\"og:url\" content=\"https:\/\/mariannatolkacheva.com\/es\/terapia-de-grupo\/\" \/>\n<meta property=\"og:site_name\" content=\"mariannatolkacheva\" \/>\n<meta property=\"article:modified_time\" content=\"2025-10-20T13:48:02+00:00\" \/>\n<meta property=\"og:image\" content=\"https:\/\/mariannatolkacheva.com\/wp-content\/uploads\/2025\/05\/Pic_3.png\" \/>\n\t<meta property=\"og:image:width\" content=\"301\" \/>\n\t<meta property=\"og:image:height\" content=\"390\" \/>\n\t<meta property=\"og:image:type\" content=\"image\/png\" \/>\n<meta name=\"twitter:card\" content=\"summary_large_image\" \/>\n<meta name=\"twitter:label1\" content=\"Tiempo de lectura\" \/>\n\t<meta name=\"twitter:data1\" content=\"1 minuto\" \/>\n<script type=\"application\/ld+json\" class=\"yoast-schema-graph\">{\"@context\":\"https:\/\/schema.org\",\"@graph\":[{\"@type\":\"WebPage\",\"@id\":\"https:\/\/mariannatolkacheva.com\/terapia-de-grupo\/\",\"url\":\"https:\/\/mariannatolkacheva.com\/terapia-de-grupo\/\",\"name\":\"\u0413\u0440\u0443\u043f\u043f\u043e\u0432\u0430\u044f \u0442\u0435\u0440\u0430\u043f\u0438\u044f - mariannatolkacheva\",\"isPartOf\":{\"@id\":\"https:\/\/mariannatolkacheva.com\/#website\"},\"primaryImageOfPage\":{\"@id\":\"https:\/\/mariannatolkacheva.com\/terapia-de-grupo\/#primaryimage\"},\"image\":{\"@id\":\"https:\/\/mariannatolkacheva.com\/terapia-de-grupo\/#primaryimage\"},\"thumbnailUrl\":\"https:\/\/mariannatolkacheva.com\/wp-content\/uploads\/2025\/05\/Pic_3.png\",\"datePublished\":\"2025-05-14T11:06:22+00:00\",\"dateModified\":\"2025-10-20T13:48:02+00:00\",\"description\":\"Es un espacio seguro y acogedor donde personas con experiencias similares se re\u00fanen para apoyarse mutuamente y crecer juntos.\",\"breadcrumb\":{\"@id\":\"https:\/\/mariannatolkacheva.com\/terapia-de-grupo\/#breadcrumb\"},\"inLanguage\":\"es\",\"potentialAction\":[{\"@type\":\"ReadAction\",\"target\":[\"https:\/\/mariannatolkacheva.com\/terapia-de-grupo\/\"]}]},{\"@type\":\"ImageObject\",\"inLanguage\":\"es\",\"@id\":\"https:\/\/mariannatolkacheva.com\/terapia-de-grupo\/#primaryimage\",\"url\":\"https:\/\/mariannatolkacheva.com\/wp-content\/uploads\/2025\/05\/Pic_3.png\",\"contentUrl\":\"https:\/\/mariannatolkacheva.com\/wp-content\/uploads\/2025\/05\/Pic_3.png\"},{\"@type\":\"BreadcrumbList\",\"@id\":\"https:\/\/mariannatolkacheva.com\/terapia-de-grupo\/#breadcrumb\",\"itemListElement\":[{\"@type\":\"ListItem\",\"position\":1,\"name\":\"Portada\",\"item\":\"https:\/\/mariannatolkacheva.com\/\"},{\"@type\":\"ListItem\",\"position\":2,\"name\":\"\u0413\u0440\u0443\u043f\u043f\u043e\u0432\u0430\u044f \u0442\u0435\u0440\u0430\u043f\u0438\u044f\"}]},{\"@type\":\"WebSite\",\"@id\":\"https:\/\/mariannatolkacheva.com\/#website\",\"url\":\"https:\/\/mariannatolkacheva.com\/\",\"name\":\"mariannatolkacheva\",\"description\":\"\",\"publisher\":{\"@id\":\"https:\/\/mariannatolkacheva.com\/#organization\"},\"potentialAction\":[{\"@type\":\"SearchAction\",\"target\":{\"@type\":\"EntryPoint\",\"urlTemplate\":\"https:\/\/mariannatolkacheva.com\/?s={search_term_string}\"},\"query-input\":{\"@type\":\"PropertyValueSpecification\",\"valueRequired\":true,\"valueName\":\"search_term_string\"}}],\"inLanguage\":\"es\"},{\"@type\":\"Organization\",\"@id\":\"https:\/\/mariannatolkacheva.com\/#organization\",\"name\":\"Marianna Tolkacheva\",\"url\":\"https:\/\/mariannatolkacheva.com\/\",\"logo\":{\"@type\":\"ImageObject\",\"inLanguage\":\"es\",\"@id\":\"https:\/\/mariannatolkacheva.com\/#\/schema\/logo\/image\/\",\"url\":\"https:\/\/mariannatolkacheva.com\/wp-content\/uploads\/2025\/05\/712e9a31c00df1be6145beebc5b7535547c75943-2.png\",\"contentUrl\":\"https:\/\/mariannatolkacheva.com\/wp-content\/uploads\/2025\/05\/712e9a31c00df1be6145beebc5b7535547c75943-2.png\",\"width\":88,\"height\":100,\"caption\":\"Marianna Tolkacheva\"},\"image\":{\"@id\":\"https:\/\/mariannatolkacheva.com\/#\/schema\/logo\/image\/\"},\"sameAs\":[\"https:\/\/web.telegram.org\/a\/#547199565\",\"https:\/\/www.instagram.com\/tolkacheva.marianna\/\"]}]}<\/script>\n<!-- \/ Yoast SEO plugin. -->","yoast_head_json":{"title":"\u0413\u0440\u0443\u043f\u043f\u043e\u0432\u0430\u044f \u0442\u0435\u0440\u0430\u043f\u0438\u044f - mariannatolkacheva","description":"Es un espacio seguro y acogedor donde personas con experiencias similares se re\u00fanen para apoyarse mutuamente y crecer juntos.","robots":{"index":"index","follow":"follow","max-snippet":"max-snippet:-1","max-image-preview":"max-image-preview:large","max-video-preview":"max-video-preview:-1"},"canonical":"https:\/\/mariannatolkacheva.com\/es\/terapia-de-grupo\/","og_locale":"es_ES","og_type":"article","og_title":"\u0413\u0440\u0443\u043f\u043f\u043e\u0432\u0430\u044f \u0442\u0435\u0440\u0430\u043f\u0438\u044f - mariannatolkacheva","og_description":"Es un espacio seguro y acogedor donde personas con experiencias similares se re\u00fanen para apoyarse mutuamente y crecer juntos.","og_url":"https:\/\/mariannatolkacheva.com\/es\/terapia-de-grupo\/","og_site_name":"mariannatolkacheva","article_modified_time":"2025-10-20T13:48:02+00:00","og_image":[{"width":301,"height":390,"url":"https:\/\/mariannatolkacheva.com\/wp-content\/uploads\/2025\/05\/Pic_3.png","type":"image\/png"}],"twitter_card":"summary_large_image","twitter_misc":{"Tiempo de lectura":"1 minuto"},"schema":{"@context":"https:\/\/schema.org","@graph":[{"@type":"WebPage","@id":"https:\/\/mariannatolkacheva.com\/terapia-de-grupo\/","url":"https:\/\/mariannatolkacheva.com\/terapia-de-grupo\/","name":"\u0413\u0440\u0443\u043f\u043f\u043e\u0432\u0430\u044f \u0442\u0435\u0440\u0430\u043f\u0438\u044f - mariannatolkacheva","isPartOf":{"@id":"https:\/\/mariannatolkacheva.com\/#website"},"primaryImageOfPage":{"@id":"https:\/\/mariannatolkacheva.com\/terapia-de-grupo\/#primaryimage"},"image":{"@id":"https:\/\/mariannatolkacheva.com\/terapia-de-grupo\/#primaryimage"},"thumbnailUrl":"https:\/\/mariannatolkacheva.com\/wp-content\/uploads\/2025\/05\/Pic_3.png","datePublished":"2025-05-14T11:06:22+00:00","dateModified":"2025-10-20T13:48:02+00:00","description":"Es un espacio seguro y acogedor donde personas con experiencias similares se re\u00fanen para apoyarse mutuamente y crecer juntos.","breadcrumb":{"@id":"https:\/\/mariannatolkacheva.com\/terapia-de-grupo\/#breadcrumb"},"inLanguage":"es","potentialAction":[{"@type":"ReadAction","target":["https:\/\/mariannatolkacheva.com\/terapia-de-grupo\/"]}]},{"@type":"ImageObject","inLanguage":"es","@id":"https:\/\/mariannatolkacheva.com\/terapia-de-grupo\/#primaryimage","url":"https:\/\/mariannatolkacheva.com\/wp-content\/uploads\/2025\/05\/Pic_3.png","contentUrl":"https:\/\/mariannatolkacheva.com\/wp-content\/uploads\/2025\/05\/Pic_3.png"},{"@type":"BreadcrumbList","@id":"https:\/\/mariannatolkacheva.com\/terapia-de-grupo\/#breadcrumb","itemListElement":[{"@type":"ListItem","position":1,"name":"Portada","item":"https:\/\/mariannatolkacheva.com\/"},{"@type":"ListItem","position":2,"name":"\u0413\u0440\u0443\u043f\u043f\u043e\u0432\u0430\u044f \u0442\u0435\u0440\u0430\u043f\u0438\u044f"}]},{"@type":"WebSite","@id":"https:\/\/mariannatolkacheva.com\/#website","url":"https:\/\/mariannatolkacheva.com\/","name":"mariannatolkacheva","description":"","publisher":{"@id":"https:\/\/mariannatolkacheva.com\/#organization"},"potentialAction":[{"@type":"SearchAction","target":{"@type":"EntryPoint","urlTemplate":"https:\/\/mariannatolkacheva.com\/?s={search_term_string}"},"query-input":{"@type":"PropertyValueSpecification","valueRequired":true,"valueName":"search_term_string"}}],"inLanguage":"es"},{"@type":"Organization","@id":"https:\/\/mariannatolkacheva.com\/#organization","name":"Marianna Tolkacheva","url":"https:\/\/mariannatolkacheva.com\/","logo":{"@type":"ImageObject","inLanguage":"es","@id":"https:\/\/mariannatolkacheva.com\/#\/schema\/logo\/image\/","url":"https:\/\/mariannatolkacheva.com\/wp-content\/uploads\/2025\/05\/712e9a31c00df1be6145beebc5b7535547c75943-2.png","contentUrl":"https:\/\/mariannatolkacheva.com\/wp-content\/uploads\/2025\/05\/712e9a31c00df1be6145beebc5b7535547c75943-2.png","width":88,"height":100,"caption":"Marianna Tolkacheva"},"image":{"@id":"https:\/\/mariannatolkacheva.com\/#\/schema\/logo\/image\/"},"sameAs":["https:\/\/web.telegram.org\/a\/#547199565","https:\/\/www.instagram.com\/tolkacheva.marianna\/"]}]}},"_links":{"self":[{"href":"https:\/\/mariannatolkacheva.com\/es\/wp-json\/wp\/v2\/pages\/155","targetHints":{"allow":["GET"]}}],"collection":[{"href":"https:\/\/mariannatolkacheva.com\/es\/wp-json\/wp\/v2\/pages"}],"about":[{"href":"https:\/\/mariannatolkacheva.com\/es\/wp-json\/wp\/v2\/types\/page"}],"author":[{"embeddable":true,"href":"https:\/\/mariannatolkacheva.com\/es\/wp-json\/wp\/v2\/users\/1"}],"replies":[{"embeddable":true,"href":"https:\/\/mariannatolkacheva.com\/es\/wp-json\/wp\/v2\/comments?post=155"}],"version-history":[{"count":19,"href":"https:\/\/mariannatolkacheva.com\/es\/wp-json\/wp\/v2\/pages\/155\/revisions"}],"predecessor-version":[{"id":748,"href":"https:\/\/mariannatolkacheva.com\/es\/wp-json\/wp\/v2\/pages\/155\/revisions\/748"}],"wp:attachment":[{"href":"https:\/\/mariannatolkacheva.com\/es\/wp-json\/wp\/v2\/media?parent=155"}],"curies":[{"name":"wp","href":"https:\/\/api.w.org\/{rel}","templated":true}]}}